{"id":2194,"date":"2025-04-06T17:09:49","date_gmt":"2025-04-06T15:09:49","guid":{"rendered":"http:\/\/localhost:8888\/avostore\/?page_id=2194"},"modified":"2025-09-17T14:47:17","modified_gmt":"2025-09-17T12:47:17","slug":"conditions-generales-de-vente","status":"publish","type":"page","link":"https:\/\/fr-avostore.com\/index.php\/conditions-generales-de-vente\/","title":{"rendered":"Conditions G\u00e9n\u00e9rales de Vente"},"content":{"rendered":"\t\t<div data-elementor-type=\"wp-page\" data-elementor-id=\"2194\" class=\"elementor elementor-2194\">\n\t\t\t\t<div class=\"elementor-element elementor-element-efa7848 e-flex e-con-boxed e-con e-parent\" data-id=\"efa7848\" data-element_type=\"container\" data-e-type=\"container\">\n\t\t\t\t\t<div class=\"e-con-inner\">\n\t\t\t\t<div class=\"elementor-element elementor-element-79bb2da elementor-widget elementor-widget-text-editor\" data-id=\"79bb2da\" data-element_type=\"widget\" data-e-type=\"widget\" data-widget_type=\"text-editor.default\">\n\t\t\t\t<div class=\"elementor-widget-container\">\n\t\t\t\t\t\t\t\t\t<p><strong>Conditions G\u00e9n\u00e9rales de Vente<\/strong><\/p>\n<p><strong>Pr\u00e9ambule<\/strong><\/p>\n<p>Le site de vente en ligne&nbsp;https:\/\/fr-avostore.com&nbsp;est g\u00e9r\u00e9 par la soci\u00e9t\u00e9 AvoStore, dont le si\u00e8ge social est situ\u00e9 au 61, rue de Lyon 75012 PARIS, immatricul\u00e9e au registre du Commerce et des Soci\u00e9t\u00e9s de PARIS<strong>&nbsp;<\/strong>sous le num\u00e9ro Siret : 948 431 507 000 11.<\/p>\n<p>Il est pr\u00e9alablement pr\u00e9cis\u00e9 que les pr\u00e9sentes conditions r\u00e9gissent les ventes de ses produits par&nbsp;AvoStore&nbsp;aupr\u00e8s de&nbsp;toute personne physique ou morale&nbsp;proc\u00e9dant \u00e0 un achat via le site internet&nbsp;https:\/\/fr-avostore.com,&nbsp;d\u00e9nomm\u00e9e ci-apr\u00e8s \u201cle CLIENT\u201d.<\/p>\n<p>Les pr\u00e9sentes Conditions G\u00e9n\u00e9rales de Vente, ainsi que le bon de commande et la confirmation de commande constituent le contrat de vente entre&nbsp;AvoStore&nbsp;et le CLIENT relatif \u00e0 la vente des produits command\u00e9s.<\/p>\n<p>Toute commande r\u00e9alis\u00e9e sur le site internet&nbsp;https:\/\/fr-avostore.com&nbsp;n\u00e9cessite que le CLIENT accepte pr\u00e9alablement et sans r\u00e9serve les Conditions G\u00e9n\u00e9rales de Vente dans leur int\u00e9gralit\u00e9.<\/p>\n<p>En cas de d\u00e9saccord avec les termes et conditions des Conditions G\u00e9n\u00e9rales de Vente, le CLIENT ne doit pas utiliser le Site Internet.<\/p>\n<p>AvoStore<strong>&nbsp;<\/strong>se r\u00e9serve le droit d&#8217;adapter ou de modifier ses Conditions G\u00e9n\u00e9rales de Vente \u00e0 tout moment et sans pr\u00e9avis, les adaptations ou modifications \u00e9tant alors applicables \u00e0 toutes commandes post\u00e9rieures aux adaptations ou modifications.<\/p>\n<p>En cas de modification, les Conditions G\u00e9n\u00e9rales de Vente applicables \u00e0 la commande du CLIENT sont celles qui \u00e9taient en ligne, et que le CLIENT a accept\u00e9es au jour de la passation de sa commande.<\/p>\n<p><strong>Article 1. D\u00e9finitions<\/strong><\/p>\n<p>Les termes et expressions identifi\u00e9s par une majuscule dans les Conditions G\u00e9n\u00e9rales de Vente ont la signification indiqu\u00e9e ci-apr\u00e8s (qu&#8217;ils soient employ\u00e9s au singulier ou au pluriel).<\/p>\n<ul>\n<li>&nbsp;Conditions G\u00e9n\u00e9rales de Vente&nbsp;: d\u00e9signent le pr\u00e9sent document, soit les termes et conditions s&#8217;appliquant dans les relations entre&nbsp;AvoStore et le CLIENT.<\/li>\n<\/ul>\n<ul>\n<li>Commande&nbsp;: d\u00e9signe l&#8217;ordre d&#8217;achat du CLIENT portant sur un ou plusieurs Produit(s) ou Service(s) pass\u00e9 par utilisation du Site Internet&nbsp;https:\/\/fr-avostore.com ou via le Service Client<\/li>\n<\/ul>\n<ul>\n<li>Site Internet&nbsp;: d\u00e9signe le site Internet accessible \u00e0 l&#8217;adresse&nbsp;https:\/\/fr-avostore.com&nbsp;<\/li>\n<\/ul>\n<ul>\n<li>Produit&nbsp;: d\u00e9signe un produit ou service offert \u00e0 la vente sur le Site Internet&nbsp;https:\/\/fr-avostore.com<\/li>\n<\/ul>\n<ul>\n<li>CLIENT&nbsp;: d\u00e9signe une Personne Physique ou Morale, consommateur, qui utilise le Site Internet https:\/\/fr-avostore.com&nbsp;et acquiert un ou plusieurs Produit(s), pour ses besoins personnels, en ayant pr\u00e9alablement adh\u00e9r\u00e9 aux Conditions G\u00e9n\u00e9rales de Vente.<\/li>\n<\/ul>\n<p><strong>Article 2. Objet<\/strong><\/p>\n<p>Les pr\u00e9sentes Conditions G\u00e9n\u00e9rales de Vente visent \u00e0 d\u00e9finir les relations contractuelles entre&nbsp;AvoStore et le CLIENT et les conditions applicables \u00e0 tout achat effectu\u00e9 par le biais du site internet https:\/\/fr-avostore.com<\/p>\n<p>En acceptant ces Conditions G\u00e9n\u00e9rales de Ventes, vous d\u00e9clarez que vous avez atteint l\u2019\u00e2ge de la majorit\u00e9 dans votre pays, \u00c9tat ou province de r\u00e9sidence, et que vous nous avez donn\u00e9 votre consentement pour permettre \u00e0 toute personne d\u2019\u00e2ge mineur \u00e0 votre charge d\u2019acheter sur ce site de vente en ligne.<\/p>\n<p>L\u2019utilisation de nos produits \u00e0 toute fin ill\u00e9gale ou non autoris\u00e9e est interdite.<\/p>\n<p>La soci\u00e9t\u00e9&nbsp;AvoStore&nbsp;conserve la possibilit\u00e9&nbsp;de modifier \u00e0 tout moment ces Conditions G\u00e9n\u00e9rales de Ventes, afin de respecter toute nouvelle r\u00e9glementation ou dans le but d&#8217;am\u00e9liorer l\u2019utilisation de son site. De ce fait, les conditions applicables seront celles en vigueur \u00e0 la date de la commande par le&nbsp;CLIENT.<\/p>\n<p><strong>Article 3. Tarifs<\/strong><\/p>\n<p>Les prix figurant sur les fiches de produits du catalogue internet sont des prix en Euros (\u20ac) toutes taxes comprises (TTC) tenant compte de la TVA applicable au jour de la commande. Tout changement du taux de la TVA pourra \u00eatre r\u00e9percut\u00e9 sur le prix des produits.<\/p>\n<p>La soci\u00e9t\u00e9 AvoStore se r\u00e9serve le droit de modifier ses prix \u00e0 tout moment, \u00e9tant toutefois entendu que le prix figurant au catalogue le jour de la commande sera le seul applicable au CLIENT.<\/p>\n<p>Les produits demeurent la propri\u00e9t\u00e9 de&nbsp;https:\/\/fr-avostore.com<em>&nbsp;<\/em>jusqu&#8217;au complet encaissement du prix par&nbsp;https:\/\/fr-avostore.com<\/p>\n<p>Les produits en promotion seront signal\u00e9s par une vignette &#8220;PROMO&#8221; ou bien par un Prix barr\u00e9, nos promotions sont valables dans la limite des stocks disponibles au moment de la commande et durant la p\u00e9riode d&#8217;affichage.<\/p>\n<p>Pour les CLIENTS hors France M\u00e9tropolitaine,<em>&nbsp;<\/em>https:\/\/fr-avostore.com&nbsp;se voit contraint, conform\u00e9ment \u00e0 la loi en vigueur, de facturer la TVA sur les commandes exp\u00e9di\u00e9es vers la plupart des pays de l&#8217;Union europ\u00e9enne.<\/p>\n<p>Pour les CLIENTS en dehors de l&#8217;Union europ\u00e9enne et DOM-TOM, les commandes ne sont pas soumises \u00e0 la TVA, mais peuvent \u00eatre soumises aux taxes locales et aux taxes douani\u00e8res en vigueur dans le pays de r\u00e9ception. Ces droits et sommes ne rel\u00e8vent pas du ressort de&nbsp;https:\/\/fr-avostore.com&nbsp;Ils sont \u00e0 la charge du CLIENT.<\/p>\n<p>Avertissement : Toute information inexacte fournie par le CLIENT dans le but de se soustraire \u00e0 la TVA peut entra\u00eener des amendes civiles et des poursuites p\u00e9nales.<\/p>\n<p>Les prix des Produits indiqu\u00e9s sur le site&nbsp;https:\/\/fr-avostore.com&nbsp;ne comprennent pas les frais de traitement et d\u2019exp\u00e9dition qui sont factur\u00e9s en suppl\u00e9ment du prix des Produits achet\u00e9s et suivant le montant total de la commande.<\/p>\n<p><strong>Article 4. Commande<\/strong><\/p>\n<p>Les informations contractuelles sont pr\u00e9sent\u00e9es en langue fran\u00e7aise et feront l&#8217;objet d&#8217;une confirmation reprenant ces informations contractuelles au plus tard au moment de la livraison. La soci\u00e9t\u00e9&nbsp;AvoStore&nbsp;se r\u00e9serve le droit d&#8217;annuler ou de refuser toute commande d&#8217;un client avec lequel il existerait un litige relatif au paiement d&#8217;une commande ant\u00e9rieure.<\/p>\n<p>Pour commander des Produits sur le Site Internet&nbsp;https:\/\/fr-avostore.com, le CLIENT doit cr\u00e9er un compte en fournissant les informations requises au formulaire d&#8217;inscription.<\/p>\n<p>A cet effet, le CLIENT d\u00e9clare fournir des informations personnelles compl\u00e8tes, non erron\u00e9es de nature \u00e0 permettre de proc\u00e9der \u00e0 son identification pr\u00e9cise dans toute situation. Toute information personnelle fantaisiste, calomnieuse est susceptible d&#8217;entra\u00eener la fermeture du compte du CLIENT et l&#8217;annulation de sa Commande.<\/p>\n<p>La rubrique de cr\u00e9ation de compte est accessible directement depuis la barre de menu principal. A chaque visite, le&nbsp;CLIENT, s\u2019il souhaite commander ou consulter son compte (\u00e9tat des commandes, informations personnelles\u2026), devra s\u2019identifier \u00e0 l\u2019aide de ces informations.<\/p>\n<p><strong>Article 5. Paiement<\/strong><\/p>\n<p>Le prix des Produits et les frais de pr\u00e9paration logistique et de livraison sont payables en totalit\u00e9 par le CLIENT au moment de la passation de la Commande.<\/p>\n<p>Le site internet https:\/\/fr-avostore.com&nbsp;est susceptible de proposer au Client de r\u00e9gler sa commande par diff\u00e9rents moyens de paiement au choix :<\/p>\n<ul>\n<li>Par carte bancaire :&nbsp;<\/li>\n<\/ul>\n<p>Avec la Banque Stripe les informations financi\u00e8res du client ne sont jamais communiqu\u00e9es \u00e0 AvoStore. En effet, Stripe crypte et prot\u00e8ge le num\u00e9ro de carte de l\u2019acheteur.<\/p>\n<p>Apr\u00e8s avoir choisi le mode de paiement par carte bancaire, le Client est redirig\u00e9 sur l\u2019interface s\u00e9curis\u00e9e du syst\u00e8me de paiement de Stripe afin de renseigner en toute s\u00e9curit\u00e9 ses r\u00e9f\u00e9rences de carte bancaire personnelle. Si le paiement est accept\u00e9, la commande est enregistr\u00e9e et le contrat d\u00e9finitivement form\u00e9. Le paiement par carte bancaire est irr\u00e9vocable.<\/p>\n<ul>\n<li>Par PayPal&nbsp;:<\/li>\n<\/ul>\n<p>Avec PayPal les informations financi\u00e8res du client ne sont jamais communiqu\u00e9es \u00e0 AvoStore. En &nbsp;&nbsp;effet, PayPal crypte et prot\u00e8ge le num\u00e9ro de carte de l\u2019acheteur.<\/p>\n<p><strong>Article 6. Droit de R\u00e9tractation<\/strong><\/p>\n<p>Conform\u00e9ment \u00e0 l\u2019article L121-21 du Code de la consommation, le Client dispose d&#8217;un d\u00e9lai de quatorze jours ouvrables \u00e0 compter de la date de r\u00e9ception de leur commande pour exercer son droit de r\u00e9tractation et ainsi faire retour du produit au vendeur pour \u00e9change ou remboursement sans p\u00e9nalit\u00e9.<\/p>\n<p>Les produits devront \u00eatre retourn\u00e9s dans leur emballage d&#8217;origine, sans avoir \u00e9t\u00e9 utilis\u00e9s, accompagn\u00e9s du Bon de livraison initial sign\u00e9.&nbsp;Les frais de retour sont \u00e0 la charge du Client.<\/p>\n<p><strong>Article 7. Livraison<\/strong><\/p>\n<p>La livraison des Produits interviendra, apr\u00e8s enregistrement du r\u00e8glement de la Commande, \u00e0 l&#8217;adresse de livraison indiqu\u00e9e par le CLIENT au cours de la passation de la Commande. Un courrier \u00e9lectronique sera adress\u00e9 au CLIENT pour informer de l&#8217;exp\u00e9dition des Produits. Le CLIENT dispose de la facult\u00e9 de choisir entre diff\u00e9rents moyens de livraison.<\/p>\n<p>Les frais de port sont calcul\u00e9s selon le mode de livraison retenu (domicile, point relais, bureau de poste&#8230;), le poids du colis et lieu de destination.<\/p>\n<p>Les d\u00e9lais de livraison ne sont donn\u00e9s qu\u2019\u00e0 titre indicatif, si ceux-ci d\u00e9passent trente jours \u00e0 compter de la commande, le contrat de vente pourra \u00eatre r\u00e9sili\u00e9 et le Client rembours\u00e9.<\/p>\n<p><strong>Article 8. Garantie<\/strong><\/p>\n<p>Tous les produits propos\u00e9s par la soci\u00e9t\u00e9 AvoStore sur le site&nbsp;https:\/\/fr-avostore.com<em>&nbsp;<\/em>b\u00e9n\u00e9ficient de la garantie l\u00e9gale pr\u00e9vue par les articles 1641 et suivants du Code civil.<\/p>\n<p>En cas de non-conformit\u00e9 d\u2019un produit vendu, il pourra \u00eatre retourn\u00e9 \u00e0 la soci\u00e9t\u00e9 AvoStore qui le reprendra, l\u2019\u00e9changera ou le remboursera. Toutes les r\u00e9clamations, demandes d\u2019\u00e9change ou de remboursement doivent s\u2019effectuer par voie postale \u00e0 l\u2019adresse suivante : AvoStore &#8211; 61, rue de Lyon &#8211; 75012 PARIS &#8211; France, ou par e-mail&nbsp;: <a href=\"mailto:support@fr-avostore.com\">support@fr-avostore.com<\/a> dans un d\u00e9lai de trente jours apr\u00e8s livraison.<\/p>\n<p><strong>Article 9. Responsabilit\u00e9<\/strong><\/p>\n<p>La soci\u00e9t\u00e9 AvoStore&nbsp;n&#8217;a, pour toutes les \u00e9tapes d&#8217;acc\u00e8s au site, du processus de commande, de livraison, de service client ou des services post\u00e9rieurs, qu&#8217;une obligation de moyen. La responsabilit\u00e9 de AvoStore<strong>&nbsp;<\/strong>ne saurait \u00eatre engag\u00e9e pour tous les inconv\u00e9nients ou dommages inh\u00e9rents \u00e0 l&#8217;utilisation du r\u00e9seau internet, notamment&nbsp;perte de donn\u00e9es, intrusion, virus, rupture du service, et autres probl\u00e8mes involontaires, ou de tout fait, qualifi\u00e9 de force majeure, conform\u00e9ment \u00e0 la jurisprudence.<\/p>\n<p>Les registres informatis\u00e9s conserv\u00e9s dans les syst\u00e8mes d&#8217;information de AvoStore&nbsp;dans des conditions raisonnables de s\u00e9curit\u00e9, seront consid\u00e9r\u00e9es comme des preuves de communication, des commandes et des paiements intervenues entre AvoStore&nbsp;et le Client.<\/p>\n<p><strong>Article 10. S\u00e9curisation<\/strong><\/p>\n<p>Le site&nbsp;https:\/\/fr-avostore.com&nbsp;fait l&#8217;objet d&#8217;un syst\u00e8me de s\u00e9curisation : il a \u00e9t\u00e9 adopt\u00e9 le proc\u00e9d\u00e9 de cryptage SSL mais il a aussi \u00e9t\u00e9 renforc\u00e9 l&#8217;ensemble des proc\u00e9d\u00e9s de brouillage et de cryptage pour prot\u00e9ger le plus efficacement possible toutes les donn\u00e9es sensibles li\u00e9es aux moyens de paiement.<\/p>\n<p><strong>Article 11. Propri\u00e9t\u00e9 intellectuelle<\/strong><\/p>\n<p>Tous les textes, commentaires, ouvrages, illustrations et images reproduits sur le site&nbsp;https:\/\/fr-avostore.com&nbsp;sont r\u00e9serv\u00e9s au titre du droit d&#8217;auteur ainsi qu&#8217;au titre de la propri\u00e9t\u00e9 intellectuelle et pour le monde entier. \u00c0 ce titre et conform\u00e9ment aux dispositions du code de la propri\u00e9t\u00e9 intellectuelle, seule est autoris\u00e9e l&#8217;utilisation pour un usage priv\u00e9, sous r\u00e9serve de dispositions diff\u00e9rentes, voire plus restrictives du code de la propri\u00e9t\u00e9 intellectuelle. Toute reproduction totale ou partielle du site&nbsp;https:\/\/fr-avostore.com&nbsp;est strictement interdite&nbsp;qu\u2019ils soient sous forme de photo, logo, visuel ou texte.<\/p>\n<p><strong>Article 12. Donn\u00e9es \u00e0 caract\u00e8re personnel<\/strong><\/p>\n<p>Toutes les donn\u00e9es que vous confiez sur le site&nbsp;https:\/\/fr-avostore.com<em>&nbsp;<\/em>le sont afin de pouvoir traiter vos commandes.&nbsp;<\/p>\n<p>En vertu de la loi n\u00b078-17 du 6 janvier 1978 relative \u00e0 l\u2019informatique, aux fichiers et aux libert\u00e9s, vous disposez aupr\u00e8s du vendeur d\u2019un droit de rectification, de consultation ou de modification et de suppression des donn\u00e9es que vous nous avez communiqu\u00e9es. Ce droit peut \u00e9galement \u00eatre exerc\u00e9 en ligne.<\/p>\n<p><strong>Article 13. M\u00e9diation des litiges de la consommation<\/strong><\/p>\n<p>Conform\u00e9ment aux dispositions du Code de la consommation concernant les litiges de la consommation, le client a le droit de recourir gratuitement au service de m\u00e9diation propos\u00e9 par AvoStore.<\/p>\n<p>Le m\u00e9diateur de la consommation propos\u00e9 est&nbsp;le M\u00e9diateur de l&#8217;Autorit\u00e9 des March\u00e9s Financiers (AMF)&nbsp;<strong><em>&nbsp;<\/em><\/strong><a href=\"https:\/\/www.economie.gouv.fr\/mediation-conso\/liste-des-mediateurs-references\"><em>voir liste ici<\/em><\/a><\/p>\n<p>Ce dispositif de m\u00e9diation peut \u00eatre contact\u00e9 par :<\/p>\n<ul>\n<li>Voie \u00e9lectronique :&nbsp;https:\/\/www.amf-france.org\/fr\/le-mediateur<\/li>\n<\/ul>\n<ul>\n<li>Ou par voir postale :&nbsp;17, place de la Bourse &#8211; 75082 Paris Cedex 02<\/li>\n<\/ul>\n<ul>\n<li>Ou par t\u00e9l\u00e9phone, accueil : +33 (0)1 53 45 60 00<\/li>\n<\/ul>\n<p>Conform\u00e9ment \u00e0 l\u2019article L612-2 du Code de la consommation, l\u2019une des conditions pr\u00e9alables \u00e0 l\u2019examen du litige par les le m\u00e9diateur est la suivante : le consommateur doit justifier avoir tent\u00e9 de r\u00e9soudre pr\u00e9alablement son litige directement aupr\u00e8s du service client de AvoStore, par une r\u00e9clamation port\u00e9e par adresse postale ou courrier \u00e9lectronique selon les modalit\u00e9s d\u00e9finies dans l\u2019Article 16.&nbsp;<\/p>\n<p>A savoir : la Commission europ\u00e9enne met \u00e9galement \u00e0 disposition une&nbsp;<a href=\"https:\/\/ec.europa.eu\/consumers\/odr\/main\/index.cfm?event=main.home2.show&amp;lng=FR\">plateforme en ligne de r\u00e8glement de litiges<\/a>.<\/p>\n<p><strong>Article 14.&nbsp;Force majeure<\/strong><\/p>\n<p>L&#8217;ex\u00e9cution par AvoStore&nbsp;de tout ou partie de ses obligations, notamment de livraison, sera suspendue en cas de survenance d&#8217;un cas fortuit ou de force majeure qui en g\u00eanerait ou en retarderait l&#8217;ex\u00e9cution.<\/p>\n<p>Sont consid\u00e9r\u00e9s comme tels, notamment, sans que cette liste soit limitative, la guerre, les \u00e9meutes, l&#8217;insurrection, les troubles sociaux, les gr\u00e8ves de toutes natures.<em>&nbsp;<\/em><\/p>\n<p>AvoStore informera les CLIENTS de la survenance d&#8217;un cas fortuit ou de force majeure dans les sept jours de sa survenance. Au cas o\u00f9 cette suspension se poursuivrait au-del\u00e0 d&#8217;un d\u00e9lai de quinze jours, le CLIENT aura la possibilit\u00e9 de r\u00e9silier la commande en cours, et il sera alors proc\u00e9d\u00e9 au remboursement du prix des Produits command\u00e9s et des frais de livraison pay\u00e9s.<\/p>\n<p><strong>Article 15. Lois applicables et juridictions comp\u00e9tentes<\/strong><\/p>\n<p>Les Conditions G\u00e9n\u00e9rales de Vente sont soumises au droit fran\u00e7ais. Seule la version fran\u00e7aise des pr\u00e9sentes Conditions G\u00e9n\u00e9rales de Vente fait foi. En cas de difficult\u00e9 survenant \u00e0 l&#8217;occasion de la Commande, de la livraison des Produits et plus g\u00e9n\u00e9ralement de l&#8217;ex\u00e9cution de la vente, le CLIENT aura la possibilit\u00e9, avant toute action en justice, de rechercher une solution amiable, notamment avec l&#8217;aide d&#8217;une association de consommateurs ou de tout autre conseil de son choix.<\/p>\n<p><strong>Article 16. Service client<\/strong><\/p>\n<p>Pour toute information ou question sur une commande, le service client est \u00e0 votre disposition :<\/p>\n<ul>\n<li>Par e-mail : commande@fr-avostore.com<\/li>\n<\/ul>\n<ul>\n<li>Adresse postale : AvoStore &#8211; 61, rue de Lyon &#8211; 75012 Paris &#8211; France<\/li>\n<\/ul>\t\t\t\t\t\t\t\t<\/div>\n\t\t\t\t<\/div>\n\t\t\t\t\t<\/div>\n\t\t\t\t<\/div>\n\t\t\t\t<\/div>\n\t\t","protected":false},"excerpt":{"rendered":"<p>Conditions G\u00e9n\u00e9rales de Vente Pr\u00e9ambule Le site de vente en ligne&nbsp;https:\/\/fr-avostore.com&nbsp;est g\u00e9r\u00e9 par la soci\u00e9t\u00e9 AvoStore, dont le si\u00e8ge social est situ\u00e9 au 61, rue de Lyon 75012 PARIS, immatricul\u00e9e au registre du Commerce et des Soci\u00e9t\u00e9s de PARIS&nbsp;sous le num\u00e9ro Siret : 948 431 507 000 11. Il est pr\u00e9alablement pr\u00e9cis\u00e9 que les pr\u00e9sentes [&hellip;]<\/p>\n","protected":false},"author":6,"featured_media":0,"parent":0,"menu_order":0,"comment_status":"closed","ping_status":"closed","template":"","meta":{"ocean_post_layout":"","ocean_both_sidebars_style":"","ocean_both_sidebars_content_width":0,"ocean_both_sidebars_sidebars_width":0,"ocean_sidebar":"","ocean_second_sidebar":"","ocean_disable_margins":"enable","ocean_add_body_class":"","ocean_shortcode_before_top_bar":"","ocean_shortcode_after_top_bar":"","ocean_shortcode_before_header":"","ocean_shortcode_after_header":"","ocean_has_shortcode":"","ocean_shortcode_after_title":"","ocean_shortcode_before_footer_widgets":"","ocean_shortcode_after_footer_widgets":"","ocean_shortcode_before_footer_bottom":"","ocean_shortcode_after_footer_bottom":"","ocean_display_top_bar":"default","ocean_display_header":"default","ocean_header_style":"","ocean_center_header_left_menu":"","ocean_custom_header_template":"","ocean_custom_logo":0,"ocean_custom_retina_logo":0,"ocean_custom_logo_max_width":0,"ocean_custom_logo_tablet_max_width":0,"ocean_custom_logo_mobile_max_width":0,"ocean_custom_logo_max_height":0,"ocean_custom_logo_tablet_max_height":0,"ocean_custom_logo_mobile_max_height":0,"ocean_header_custom_menu":"","ocean_menu_typo_font_family":"","ocean_menu_typo_font_subset":"","ocean_menu_typo_font_size":0,"ocean_menu_typo_font_size_tablet":0,"ocean_menu_typo_font_size_mobile":0,"ocean_menu_typo_font_size_unit":"px","ocean_menu_typo_font_weight":"","ocean_menu_typo_font_weight_tablet":"","ocean_menu_typo_font_weight_mobile":"","ocean_menu_typo_transform":"","ocean_menu_typo_transform_tablet":"","ocean_menu_typo_transform_mobile":"","ocean_menu_typo_line_height":0,"ocean_menu_typo_line_height_tablet":0,"ocean_menu_typo_line_height_mobile":0,"ocean_menu_typo_line_height_unit":"","ocean_menu_typo_spacing":0,"ocean_menu_typo_spacing_tablet":0,"ocean_menu_typo_spacing_mobile":0,"ocean_menu_typo_spacing_unit":"","ocean_menu_link_color":"","ocean_menu_link_color_hover":"","ocean_menu_link_color_active":"","ocean_menu_link_background":"","ocean_menu_link_hover_background":"","ocean_menu_link_active_background":"","ocean_menu_social_links_bg":"","ocean_menu_social_hover_links_bg":"","ocean_menu_social_links_color":"","ocean_menu_social_hover_links_color":"","ocean_disable_title":"default","ocean_disable_heading":"default","ocean_post_title":"","ocean_post_subheading":"","ocean_post_title_style":"","ocean_post_title_background_color":"","ocean_post_title_background":0,"ocean_post_title_bg_image_position":"","ocean_post_title_bg_image_attachment":"","ocean_post_title_bg_image_repeat":"","ocean_post_title_bg_image_size":"","ocean_post_title_height":0,"ocean_post_title_bg_overlay":0.5,"ocean_post_title_bg_overlay_color":"","ocean_disable_breadcrumbs":"default","ocean_breadcrumbs_color":"","ocean_breadcrumbs_separator_color":"","ocean_breadcrumbs_links_color":"","ocean_breadcrumbs_links_hover_color":"","ocean_display_footer_widgets":"default","ocean_display_footer_bottom":"default","ocean_custom_footer_template":"","footnotes":""},"class_list":["post-2194","page","type-page","status-publish","hentry","entry","owp-thumbs-layout-horizontal","owp-btn-normal","owp-tabs-layout-horizontal","has-no-thumbnails","has-product-nav"],"aioseo_notices":[],"_links":{"self":[{"href":"https:\/\/fr-avostore.com\/index.php\/wp-json\/wp\/v2\/pages\/2194","targetHints":{"allow":["GET"]}}],"collection":[{"href":"https:\/\/fr-avostore.com\/index.php\/wp-json\/wp\/v2\/pages"}],"about":[{"href":"https:\/\/fr-avostore.com\/index.php\/wp-json\/wp\/v2\/types\/page"}],"author":[{"embeddable":true,"href":"https:\/\/fr-avostore.com\/index.php\/wp-json\/wp\/v2\/users\/6"}],"replies":[{"embeddable":true,"href":"https:\/\/fr-avostore.com\/index.php\/wp-json\/wp\/v2\/comments?post=2194"}],"version-history":[{"count":10,"href":"https:\/\/fr-avostore.com\/index.php\/wp-json\/wp\/v2\/pages\/2194\/revisions"}],"predecessor-version":[{"id":3197,"href":"https:\/\/fr-avostore.com\/index.php\/wp-json\/wp\/v2\/pages\/2194\/revisions\/3197"}],"wp:attachment":[{"href":"https:\/\/fr-avostore.com\/index.php\/wp-json\/wp\/v2\/media?parent=2194"}],"curies":[{"name":"wp","href":"https:\/\/api.w.org\/{rel}","templated":true}]}}