{"id":2174,"date":"2025-04-06T16:43:51","date_gmt":"2025-04-06T14:43:51","guid":{"rendered":"http:\/\/localhost:8888\/avostore\/?page_id=2174"},"modified":"2025-04-20T02:40:16","modified_gmt":"2025-04-20T00:40:16","slug":"mentions-legales","status":"publish","type":"page","link":"https:\/\/fr-avostore.com\/index.php\/mentions-legales\/","title":{"rendered":"Mentions le\u0301gales"},"content":{"rendered":"\t\t<div data-elementor-type=\"wp-page\" data-elementor-id=\"2174\" class=\"elementor elementor-2174\">\n\t\t\t\t<div class=\"elementor-element elementor-element-da0747e e-flex e-con-boxed e-con e-parent\" data-id=\"da0747e\" data-element_type=\"container\" data-e-type=\"container\">\n\t\t\t\t\t<div class=\"e-con-inner\">\n\t\t\t\t<div class=\"elementor-element elementor-element-f4b44fb elementor-widget elementor-widget-text-editor\" data-id=\"f4b44fb\" data-element_type=\"widget\" data-e-type=\"widget\" data-widget_type=\"text-editor.default\">\n\t\t\t\t<div class=\"elementor-widget-container\">\n\t\t\t\t\t\t\t\t\t<p><strong>Mentions l\u00e9gales<\/strong><\/p><p><strong>\u00a0<\/strong><strong>Identification et publication<\/strong><\/p><p><strong>\u00c9diteur<\/strong><\/p><p>Ce site est publi\u00e9 par l&#8217;entreprise AvoStore, immatricul\u00e9e \u00e0 Paris sous le num\u00e9ro 948 431 507 R.C.S Paris dont le si\u00e8ge social est 61 rue de Lyon 75012 Paris.<\/p><p><strong>H\u00e9bergeur<\/strong><\/p><p>Ce site a \u00e9t\u00e9 r\u00e9alis\u00e9 par fr-avostore.com, sp\u00e9cialiste de l&#8217;Ecommerce. Le service est h\u00e9berg\u00e9 par l\u2019entreprise Hostinger, dont le si\u00e8ge social est 34, rue Svitrigailos 03230 Vilnius Lituanie.<\/p><p><strong>\u00a0<\/strong><strong>Propri\u00e9t\u00e9 intellectuelle<\/strong><\/p><p>La charte graphique du site a \u00e9t\u00e9 cr\u00e9\u00e9e par AvoStore.<\/p><p>Tous les \u00e9l\u00e9ments graphiques, la structure et, plus g\u00e9n\u00e9ralement, le contenu du site fr-avostore sont prot\u00e9g\u00e9s par le droit d&#8217;auteur, le droit des marques et le droit des dessins et mod\u00e8les.<\/p><p>Toute personne qui recueille ou t\u00e9l\u00e9charge du contenu ou des\u00a0informations diffus\u00e9es sur le site ne dispose sur ceux-ci que d\u2019un droit d\u2019usage priv\u00e9, personnel et non transmissible.<\/p><p>La reproduction d\u2019une page du site dans un cadre ext\u00e9rieur \u00e0 fr-avostore\u00a0ou l\u2019insertion d\u2019une page appartenant \u00e0 fr-avostore<em>\u00a0<\/em>dans la page d\u2019un autre site est interdite.<\/p><p>De m\u00eame, toute reproduction ou repr\u00e9sentation du site en partie ou en totalit\u00e9 est interdite sans l&#8217;accord \u00e9crit de AvoStore et constituerait une contrefa\u00e7on sanctionn\u00e9e par les articles L. 335-2 et suivants du Code de la Propri\u00e9t\u00e9 Intellectuelle.<\/p><p>Les textes, graphismes, dessins, logos et photos qui sont diffus\u00e9s par fr-avostore peuvent faire l&#8217;objet d&#8217;une reproduction sur un support papier ou un support \u00e9lectronique, sous r\u00e9serve de citer le nom et l&#8217;adresse du site et de ne pas en faire une utilisation commerciale.<\/p><p>Le non-respect des dispositions ci-dessus est susceptible de constituer une contrefa\u00e7on engageant la responsabilit\u00e9 civile ou p\u00e9nale de l&#8217;auteur de la contrefa\u00e7on.<\/p><p><strong>Collecte et utilisation des donn\u00e9es \u00e0 caract\u00e8re personnel<\/strong><\/p><p>La collecte des donn\u00e9es \u00e0 caract\u00e8re personnel pour les prestations propos\u00e9es par le site\u00a0https:\/\/fr-avostore.com ainsi que leur traitement sont effectu\u00e9s dans le respect de la loi \u00ab Informatique, Fichiers et Libert\u00e9s \u00bb du 6 janvier 1978 modifi\u00e9e et ses d\u00e9crets d\u2019application.<\/p><p>La collecte des donn\u00e9es \u00e0 caract\u00e8re personnel concernant les utilisateurs du site fr-avostore a pour finalit\u00e9s principales l\u2019identification des utilisateurs pour la fourniture des services et prestations propos\u00e9s sur le site.<\/p><p>Les donn\u00e9es r\u00e9colt\u00e9es ne sont jamais transmises \u00e0 des tiers sauf si le client a donn\u00e9 son consentement pr\u00e9alable et ce sous r\u00e9serve que les tiers se soient clairement engag\u00e9s \u00e0 respecter toutes les dispositions de la Loi du 6 janvier 1978 modifi\u00e9e.<\/p><p>En application de la loi, toute personne ayant transmis des donn\u00e9es \u00e0 caract\u00e8re personnel dispose d\u2019un droit d\u2019acc\u00e8s, de rectification et de suppression des donn\u00e9es ainsi que d\u2019un droit d\u2019opposition au traitement des donn\u00e9es \u00e0 caract\u00e8re personnel la concernant.<\/p><p>\u00c0 tout moment, vous pouvez demander \u00e0 exercer ce droit en contactant fr-avostore<\/p><p>Les visiteurs du site sont inform\u00e9s que pour les besoins de la navigation sur le site\u00a0https:\/\/fr-avostore.com,\u00a0fr-avostore peut avoir recours \u00e0 la collecte automatique de certaines informations relatives aux utilisateurs \u00e0 l&#8217;aide des cookies. Si l&#8217;utilisateur du site ne souhaite pas l\u2019utilisation de cookies par fr-avostore, il peut refuser l\u2019activation des cookies par le biais des options propos\u00e9s par son navigateur internet. Pour des raisons techniques, si l&#8217;utilisateur d\u00e9sactive les cookies dans son navigateur, certaines prestations propos\u00e9es sur le site https:\/\/fr-avostore.com pourront ne pas lui \u00eatre accessibles.<\/p><p>Mentions l\u00e9gales cr\u00e9\u00e9es le 01\/02\/2023<\/p>\t\t\t\t\t\t\t\t<\/div>\n\t\t\t\t<\/div>\n\t\t\t\t\t<\/div>\n\t\t\t\t<\/div>\n\t\t\t\t<\/div>\n\t\t","protected":false},"excerpt":{"rendered":"<p>Mentions l\u00e9gales \u00a0Identification et publication \u00c9diteur Ce site est publi\u00e9 par l&#8217;entreprise AvoStore, immatricul\u00e9e \u00e0 Paris sous le num\u00e9ro 948 431 507 R.C.S Paris dont le si\u00e8ge social est 61 rue de Lyon 75012 Paris. H\u00e9bergeur Ce site a \u00e9t\u00e9 r\u00e9alis\u00e9 par fr-avostore.com, sp\u00e9cialiste de l&#8217;Ecommerce. Le service est h\u00e9berg\u00e9 par l\u2019entreprise Hostinger, dont le [&hellip;]<\/p>\n","protected":false},"author":6,"featured_media":0,"parent":0,"menu_order":0,"comment_status":"closed","ping_status":"closed","template":"","meta":{"ocean_post_layout":"","ocean_both_sidebars_style":"","ocean_both_sidebars_content_width":0,"ocean_both_sidebars_sidebars_width":0,"ocean_sidebar":"","ocean_second_sidebar":"","ocean_disable_margins":"enable","ocean_add_body_class":"","ocean_shortcode_before_top_bar":"","ocean_shortcode_after_top_bar":"","ocean_shortcode_before_header":"","ocean_shortcode_after_header":"","ocean_has_shortcode":"","ocean_shortcode_after_title":"","ocean_shortcode_before_footer_widgets":"","ocean_shortcode_after_footer_widgets":"","ocean_shortcode_before_footer_bottom":"","ocean_shortcode_after_footer_bottom":"","ocean_display_top_bar":"default","ocean_display_header":"default","ocean_header_style":"","ocean_center_header_left_menu":"","ocean_custom_header_template":"","ocean_custom_logo":0,"ocean_custom_retina_logo":0,"ocean_custom_logo_max_width":0,"ocean_custom_logo_tablet_max_width":0,"ocean_custom_logo_mobile_max_width":0,"ocean_custom_logo_max_height":0,"ocean_custom_logo_tablet_max_height":0,"ocean_custom_logo_mobile_max_height":0,"ocean_header_custom_menu":"","ocean_menu_typo_font_family":"","ocean_menu_typo_font_subset":"","ocean_menu_typo_font_size":0,"ocean_menu_typo_font_size_tablet":0,"ocean_menu_typo_font_size_mobile":0,"ocean_menu_typo_font_size_unit":"px","ocean_menu_typo_font_weight":"","ocean_menu_typo_font_weight_tablet":"","ocean_menu_typo_font_weight_mobile":"","ocean_menu_typo_transform":"","ocean_menu_typo_transform_tablet":"","ocean_menu_typo_transform_mobile":"","ocean_menu_typo_line_height":0,"ocean_menu_typo_line_height_tablet":0,"ocean_menu_typo_line_height_mobile":0,"ocean_menu_typo_line_height_unit":"","ocean_menu_typo_spacing":0,"ocean_menu_typo_spacing_tablet":0,"ocean_menu_typo_spacing_mobile":0,"ocean_menu_typo_spacing_unit":"","ocean_menu_link_color":"","ocean_menu_link_color_hover":"","ocean_menu_link_color_active":"","ocean_menu_link_background":"","ocean_menu_link_hover_background":"","ocean_menu_link_active_background":"","ocean_menu_social_links_bg":"","ocean_menu_social_hover_links_bg":"","ocean_menu_social_links_color":"","ocean_menu_social_hover_links_color":"","ocean_disable_title":"default","ocean_disable_heading":"default","ocean_post_title":"","ocean_post_subheading":"","ocean_post_title_style":"","ocean_post_title_background_color":"","ocean_post_title_background":0,"ocean_post_title_bg_image_position":"","ocean_post_title_bg_image_attachment":"","ocean_post_title_bg_image_repeat":"","ocean_post_title_bg_image_size":"","ocean_post_title_height":0,"ocean_post_title_bg_overlay":0.5,"ocean_post_title_bg_overlay_color":"","ocean_disable_breadcrumbs":"default","ocean_breadcrumbs_color":"","ocean_breadcrumbs_separator_color":"","ocean_breadcrumbs_links_color":"","ocean_breadcrumbs_links_hover_color":"","ocean_display_footer_widgets":"default","ocean_display_footer_bottom":"default","ocean_custom_footer_template":"","footnotes":""},"class_list":["post-2174","page","type-page","status-publish","hentry","entry","owp-thumbs-layout-horizontal","owp-btn-normal","owp-tabs-layout-horizontal","has-no-thumbnails","has-product-nav"],"aioseo_notices":[],"_links":{"self":[{"href":"https:\/\/fr-avostore.com\/index.php\/wp-json\/wp\/v2\/pages\/2174","targetHints":{"allow":["GET"]}}],"collection":[{"href":"https:\/\/fr-avostore.com\/index.php\/wp-json\/wp\/v2\/pages"}],"about":[{"href":"https:\/\/fr-avostore.com\/index.php\/wp-json\/wp\/v2\/types\/page"}],"author":[{"embeddable":true,"href":"https:\/\/fr-avostore.com\/index.php\/wp-json\/wp\/v2\/users\/6"}],"replies":[{"embeddable":true,"href":"https:\/\/fr-avostore.com\/index.php\/wp-json\/wp\/v2\/comments?post=2174"}],"version-history":[{"count":7,"href":"https:\/\/fr-avostore.com\/index.php\/wp-json\/wp\/v2\/pages\/2174\/revisions"}],"predecessor-version":[{"id":2578,"href":"https:\/\/fr-avostore.com\/index.php\/wp-json\/wp\/v2\/pages\/2174\/revisions\/2578"}],"wp:attachment":[{"href":"https:\/\/fr-avostore.com\/index.php\/wp-json\/wp\/v2\/media?parent=2174"}],"curies":[{"name":"wp","href":"https:\/\/api.w.org\/{rel}","templated":true}]}}