{"id":2161,"date":"2025-04-06T16:00:58","date_gmt":"2025-04-06T14:00:58","guid":{"rendered":"http:\/\/localhost:8888\/avostore\/?page_id=2161"},"modified":"2026-04-06T18:42:23","modified_gmt":"2026-04-06T16:42:23","slug":"qui-sommes-nous","status":"publish","type":"page","link":"https:\/\/fr-avostore.com\/index.php\/qui-sommes-nous\/","title":{"rendered":"Qui sommes-nous ?"},"content":{"rendered":"\t\t<div data-elementor-type=\"wp-page\" data-elementor-id=\"2161\" class=\"elementor elementor-2161\">\n\t\t\t\t<div class=\"elementor-element elementor-element-0049717 e-flex e-con-boxed e-con e-parent\" data-id=\"0049717\" data-element_type=\"container\" data-e-type=\"container\">\n\t\t\t\t\t<div class=\"e-con-inner\">\n\t\t\t\t<div class=\"elementor-element elementor-element-6e3f78c elementor-widget elementor-widget-text-editor\" data-id=\"6e3f78c\" data-element_type=\"widget\" data-e-type=\"widget\" data-widget_type=\"text-editor.default\">\n\t\t\t\t<div class=\"elementor-widget-container\">\n\t\t\t\t\t\t\t\t\t<p><strong>Qui sommes-nous\u00a0?<\/strong><\/p><p>AvoStore est une entreprise Fran\u00e7aise dynamique en pleine expansion qui op\u00e8re \u00e0 Paris, en France et elle est construite sur une solide base de connaissances, de comp\u00e9tences et de valeurs.<\/p><ul><li>Nous sommes une soci\u00e9t\u00e9 ax\u00e9e sur la satisfaction du client et nous nous engageons \u00e0 offrir des produits et services de qualit\u00e9, \u00e0 des prix comp\u00e9titifs.<\/li><\/ul><ul><li>Notre objectif est de fournir \u00e0 nos clients des produits livr\u00e9s \u00e0 temps et en toute s\u00e9curit\u00e9 pour une meilleure exp\u00e9rience de shopping en ligne. Pour cela, nous travaillons en \u00e9troite collaboration avec nos fournisseurs et nos transporteurs afin de r\u00e9duire au maximum les d\u00e9lais de livraisons. Nous utilisons des technologies de pointe pour g\u00e9rer le processus de livraison de mani\u00e8re \u00e0 ce qu&#8217;il soit aussi efficace que possible.\u00a0<\/li><\/ul><ul><li>Notre personnel comp\u00e9tent est pr\u00eat \u00e0 r\u00e9pondre \u00e0 toutes vos questions et \u00e0 r\u00e9soudre tous vos probl\u00e8mes dans les 24h ouvrables.<\/li><\/ul><ul><li>Des paiements s\u00e9curis\u00e9s via des leaders mondiaux du paiement en ligne, notre site internet, https:\/\/fr-avostore.com est conforme \u00e0 la norme de s\u00e9curis\u00e9 SSL qui garantit vos donn\u00e9es et les mots de passe. Notre site Web utilise un certificat SSL de haute technologie \u00e0 cryptage 256 bits du m\u00eame niveau de cryptage utilis\u00e9 par les grandes soci\u00e9t\u00e9s pour prot\u00e9ger vos informations.<\/li><\/ul><ul><li>Nos processus internes et externes sont strictement surveill\u00e9s et garantissent que toutes les normes de qualit\u00e9 sont respect\u00e9es.\u00a0<\/li><\/ul><ul><li>Nous sommes \u00e9galement engag\u00e9s dans la protection de l&#8217;environnement et nous faisons de notre mieux pour r\u00e9duire notre impact \u00e9cologique.<\/li><\/ul><ul><li>Nous sommes fiers de notre entreprise et de la qualit\u00e9 de nos produits. Nous nous effor\u00e7ons continuellement d&#8217;am\u00e9liorer nos services afin de r\u00e9pondre aux besoins et aux attentes de nos clients.\u00a0<\/li><\/ul><p>En fin, nous sommes confiants que vous serez satisfait de nos produits et services. N&#8217;h\u00e9sitez pas \u00e0 nous contacter \u00e0 support@fr-avostrore.com si vous avez des questions ou des pr\u00e9occupations. Nous sommes l\u00e0 pour vous aider.<\/p>\t\t\t\t\t\t\t\t<\/div>\n\t\t\t\t<\/div>\n\t\t\t\t\t<\/div>\n\t\t\t\t<\/div>\n\t\t\t\t<\/div>\n\t\t","protected":false},"excerpt":{"rendered":"<p>Qui sommes-nous\u00a0? AvoStore est une entreprise Fran\u00e7aise dynamique en pleine expansion qui op\u00e8re \u00e0 Paris, en France et elle est construite sur une solide base de connaissances, de comp\u00e9tences et de valeurs. Nous sommes une soci\u00e9t\u00e9 ax\u00e9e sur la satisfaction du client et nous nous engageons \u00e0 offrir des produits et services de qualit\u00e9, \u00e0 [&hellip;]<\/p>\n","protected":false},"author":6,"featured_media":0,"parent":0,"menu_order":0,"comment_status":"closed","ping_status":"closed","template":"","meta":{"ocean_post_layout":"","ocean_both_sidebars_style":"","ocean_both_sidebars_content_width":0,"ocean_both_sidebars_sidebars_width":0,"ocean_sidebar":"","ocean_second_sidebar":"","ocean_disable_margins":"enable","ocean_add_body_class":"","ocean_shortcode_before_top_bar":"","ocean_shortcode_after_top_bar":"","ocean_shortcode_before_header":"","ocean_shortcode_after_header":"","ocean_has_shortcode":"","ocean_shortcode_after_title":"","ocean_shortcode_before_footer_widgets":"","ocean_shortcode_after_footer_widgets":"","ocean_shortcode_before_footer_bottom":"","ocean_shortcode_after_footer_bottom":"","ocean_display_top_bar":"default","ocean_display_header":"default","ocean_header_style":"","ocean_center_header_left_menu":"","ocean_custom_header_template":"","ocean_custom_logo":0,"ocean_custom_retina_logo":0,"ocean_custom_logo_max_width":0,"ocean_custom_logo_tablet_max_width":0,"ocean_custom_logo_mobile_max_width":0,"ocean_custom_logo_max_height":0,"ocean_custom_logo_tablet_max_height":0,"ocean_custom_logo_mobile_max_height":0,"ocean_header_custom_menu":"","ocean_menu_typo_font_family":"","ocean_menu_typo_font_subset":"","ocean_menu_typo_font_size":0,"ocean_menu_typo_font_size_tablet":0,"ocean_menu_typo_font_size_mobile":0,"ocean_menu_typo_font_size_unit":"px","ocean_menu_typo_font_weight":"","ocean_menu_typo_font_weight_tablet":"","ocean_menu_typo_font_weight_mobile":"","ocean_menu_typo_transform":"","ocean_menu_typo_transform_tablet":"","ocean_menu_typo_transform_mobile":"","ocean_menu_typo_line_height":0,"ocean_menu_typo_line_height_tablet":0,"ocean_menu_typo_line_height_mobile":0,"ocean_menu_typo_line_height_unit":"","ocean_menu_typo_spacing":0,"ocean_menu_typo_spacing_tablet":0,"ocean_menu_typo_spacing_mobile":0,"ocean_menu_typo_spacing_unit":"","ocean_menu_link_color":"","ocean_menu_link_color_hover":"","ocean_menu_link_color_active":"","ocean_menu_link_background":"","ocean_menu_link_hover_background":"","ocean_menu_link_active_background":"","ocean_menu_social_links_bg":"","ocean_menu_social_hover_links_bg":"","ocean_menu_social_links_color":"","ocean_menu_social_hover_links_color":"","ocean_disable_title":"default","ocean_disable_heading":"default","ocean_post_title":"","ocean_post_subheading":"","ocean_post_title_style":"","ocean_post_title_background_color":"","ocean_post_title_background":0,"ocean_post_title_bg_image_position":"","ocean_post_title_bg_image_attachment":"","ocean_post_title_bg_image_repeat":"","ocean_post_title_bg_image_size":"","ocean_post_title_height":0,"ocean_post_title_bg_overlay":0.5,"ocean_post_title_bg_overlay_color":"","ocean_disable_breadcrumbs":"default","ocean_breadcrumbs_color":"","ocean_breadcrumbs_separator_color":"","ocean_breadcrumbs_links_color":"","ocean_breadcrumbs_links_hover_color":"","ocean_display_footer_widgets":"default","ocean_display_footer_bottom":"default","ocean_custom_footer_template":"","footnotes":""},"class_list":["post-2161","page","type-page","status-publish","hentry","entry","owp-thumbs-layout-horizontal","owp-btn-normal","owp-tabs-layout-horizontal","has-no-thumbnails","has-product-nav"],"aioseo_notices":[],"_links":{"self":[{"href":"https:\/\/fr-avostore.com\/index.php\/wp-json\/wp\/v2\/pages\/2161","targetHints":{"allow":["GET"]}}],"collection":[{"href":"https:\/\/fr-avostore.com\/index.php\/wp-json\/wp\/v2\/pages"}],"about":[{"href":"https:\/\/fr-avostore.com\/index.php\/wp-json\/wp\/v2\/types\/page"}],"author":[{"embeddable":true,"href":"https:\/\/fr-avostore.com\/index.php\/wp-json\/wp\/v2\/users\/6"}],"replies":[{"embeddable":true,"href":"https:\/\/fr-avostore.com\/index.php\/wp-json\/wp\/v2\/comments?post=2161"}],"version-history":[{"count":7,"href":"https:\/\/fr-avostore.com\/index.php\/wp-json\/wp\/v2\/pages\/2161\/revisions"}],"predecessor-version":[{"id":3666,"href":"https:\/\/fr-avostore.com\/index.php\/wp-json\/wp\/v2\/pages\/2161\/revisions\/3666"}],"wp:attachment":[{"href":"https:\/\/fr-avostore.com\/index.php\/wp-json\/wp\/v2\/media?parent=2161"}],"curies":[{"name":"wp","href":"https:\/\/api.w.org\/{rel}","templated":true}]}}