{"id":1595,"date":"2025-03-25T09:40:05","date_gmt":"2025-03-25T08:40:05","guid":{"rendered":"http:\/\/localhost:8888\/avostore\/?page_id=1595"},"modified":"2025-04-06T16:52:55","modified_gmt":"2025-04-06T14:52:55","slug":"declaration-de-confidentialite","status":"publish","type":"page","link":"https:\/\/fr-avostore.com\/index.php\/declaration-de-confidentialite\/","title":{"rendered":"D\u00e9claration de confidentialit\u00e9"},"content":{"rendered":"\t\t<div data-elementor-type=\"wp-page\" data-elementor-id=\"1595\" class=\"elementor elementor-1595\">\n\t\t\t\t<div class=\"elementor-element elementor-element-2e1ea04 e-flex e-con-boxed e-con e-parent\" data-id=\"2e1ea04\" data-element_type=\"container\" data-e-type=\"container\">\n\t\t\t\t\t<div class=\"e-con-inner\">\n\t\t\t\t<div class=\"elementor-element elementor-element-8c9a260 elementor-widget elementor-widget-text-editor\" data-id=\"8c9a260\" data-element_type=\"widget\" data-e-type=\"widget\" data-widget_type=\"text-editor.default\">\n\t\t\t\t<div class=\"elementor-widget-container\">\n\t\t\t\t\t\t\t\t\t<p>POLITIQUE DE CONFIDENTIALIT\u00c9<\/p><p>Notre politique de confidentialit\u00e9 d\u00e9crit la mani\u00e8re dont vos informations personnelles sont collect\u00e9es et utiliser lorsque vous visitez notre site https:\/\/fr-avostore.com<\/p><p><strong>INFORMATIONS PERSONNELLES QUE NOUS COLLECTONS<\/strong>\u00a0<br \/>Lorsque vous visitez notre site, nous collectons automatiquement certaines informations sur votre appareil, notamment des informations sur votre navigateur Web, votre adresse IP, certains cookies install\u00e9s sur votre appareil.<\/p><p>En outre, lorsque vous naviguez sur notre site, nous collectons des informations sur les pages Web individuelles ou les produits que vous affichez, sur les sites Web ou les termes de recherche qui vous renvoient au site, ainsi que des informations sur la mani\u00e8re dont vous interagissez avec notre site. Nous nous r\u00e9f\u00e9rons \u00e0 ces informations collect\u00e9es automatiquement en tant qu\u2019informations sur le p\u00e9riph\u00e9rique.\u00a0<\/p><p>Nous recueillons des informations sur les appareils en utilisant les technologies\u00a0suivantes :\u00a0<br \/>&#8211; Les\u00a0\u00ab cookies \u00bb sont des fichiers de donn\u00e9es plac\u00e9s sur votre appareil ou votre ordinateur et comprenant souvent un identifiant unique et anonyme.<\/p><p>&#8211; Les\u00a0\u00ab fichiers\u00a0journaux \u00bb\u00a0suivent les actions qui se produisent sur le site et collectent des donn\u00e9es, notamment votre adresse IP, le type de navigateur, le fournisseur de services Internet, les pages de renvoi \/ de sortie et les horodatages.\u00a0<\/p><p>&#8211; Les\u00a0\u00ab balises\u00a0Web \u00bb, les\u00a0\u00ab balises \u00bb et les\u00a0\u00ab pixels \u00bb sont des fichiers \u00e9lectroniques utilis\u00e9s pour enregistrer des informations sur la fa\u00e7on dont vous naviguez sur le site.\u00a0<\/p><p>De m\u00eame, que lorsque vous effectuez un achat sur notre site, nous collectons certaines informations, notamment votre nom, votre adresse de facturation, votre adresse de livraison, votre adresse e-mail et votre num\u00e9ro de t\u00e9l\u00e9phone. Nous nous r\u00e9f\u00e9rons \u00e0 ces informations en tant\u00a0qu&#8217;informations\u00a0pour traiter vos\u00a0commandes.\u00a0<\/p><p><strong>COMMENT VOS INFORMATIONS\u00a0PERSONNELLES SONT UTILIS\u00c9ES ?<\/strong>\u00a0<br \/>Nous utilisons g\u00e9n\u00e9ralement les informations de commande que nous collectons pour ex\u00e9cuter toutes les commandes pass\u00e9es sur notre site, l&#8217;organisation de l&#8217;exp\u00e9dition et la fourniture de factures et \/ ou de confirmations de commandes. De plus, nous utilisons ces informations de commande\u00a0pour :\u00a0<br \/>&#8211; Communiquer avec vous. \u00a0<br \/>&#8211; Examiner nos commandes pour d\u00e9tecter tout risque potentiel d\u2019erreur.<br \/>&#8211; V\u00e9rifier les pr\u00e9f\u00e9rences que vous avez partag\u00e9es avec nous et vous fournir des informations importantes relatives \u00e0 nos produits ou services que vous nous avez command\u00e9.\u00a0<\/p><p>Nous utilisons les informations sur les p\u00e9riph\u00e9riques que nous collectons pour nous aider \u00e0 d\u00e9tecter, les erreurs ou les risques techniques potentiels.<\/p><p><strong>PARTAGE DE VOS INFORMATIONS PERSONNELLES\u00a0<br \/><\/strong>Nous ne partageons pas vos informations personnelles avec des tiers.<\/p><p>Les donn\u00e9es recueillies sont uniquement destin\u00e9es \u00e0 notre soci\u00e9t\u00e9 aux fins d\u2019un usage interne et ne seront jamais retransmises \u00e0 des tiers non autoris\u00e9s. Conform\u00e9ment aux articles 38 \u00e0 40 de la Loi 78-17 du 6 janvier 1978 relative \u00e0 l\u2019informatique, aux fichiers et aux libert\u00e9s, vous disposez aupr\u00e8s du vendeur d\u2019un droit de rectification, de consultation ou de modification et de suppression des donn\u00e9es que vous nous avez communiqu\u00e9es. Ce droit peut \u00e9galement \u00eatre exerc\u00e9 en ligne. Pour exercer celui-ci, veuillez nous contacter s\u2019il vous plait par courrier \u00e9lectronique \u00e0 l&#8217;adresse\u00a0support@fr-avostore.com\u00a0<\/p><p>\u00c9galement, nous utilisons vos informations personnelles pour vous fournir des offres de promotions, ainsi que les nouveaut\u00e9s susceptibles de vous int\u00e9resser.\u00a0<\/p><p>Enfin, nous utilisons \u00e9galement vos informations personnelles pour nous conformer aux lois et r\u00e9glementations en vigueur.<\/p><p><strong>LA CONSERVATION DES DONN\u00c9ES\u00a0<br \/><\/strong>Lorsque vous passez une commande sur notre site, nous conservons vos informations de commande pour nos enregistrements de gestion, \u00e0 moins que et jusqu&#8217;\u00e0 ce que vous nous demandiez de supprimer ces informations par courrier \u00e9lectronique \u00e0 l&#8217;adresse\u00a0<strong>support@fr-avostore.com\u00a0<\/strong><strong><br \/><\/strong>\u00a0<br \/><strong>CHANGEMENTS\u00a0<\/strong><br \/>Nous pouvons mettre \u00e0 jour notre politique de confidentialit\u00e9 \u00e0 tout moment \u00e0 des fins op\u00e9rationnelles, l\u00e9gales ou r\u00e9glementaires.\u00a0<\/p><p><strong>CONTACTEZ-NOUS<\/strong>\u00a0<br \/>Pour plus d&#8217;informations sur nos pratiques de confidentialit\u00e9 ou si vous avez des questions, veuillez nous contacter par courrier \u00e9lectronique \u00e0 l&#8217;adresse\u00a0support@fr-avostore.com<\/p>\t\t\t\t\t\t\t\t<\/div>\n\t\t\t\t<\/div>\n\t\t\t\t\t<\/div>\n\t\t\t\t<\/div>\n\t\t\t\t<\/div>\n\t\t","protected":false},"excerpt":{"rendered":"<p>POLITIQUE DE CONFIDENTIALIT\u00c9 Notre politique de confidentialit\u00e9 d\u00e9crit la mani\u00e8re dont vos informations personnelles sont collect\u00e9es et utiliser lorsque vous visitez notre site https:\/\/fr-avostore.com INFORMATIONS PERSONNELLES QUE NOUS COLLECTONS\u00a0Lorsque vous visitez notre site, nous collectons automatiquement certaines informations sur votre appareil, notamment des informations sur votre navigateur Web, votre adresse IP, certains cookies install\u00e9s sur [&hellip;]<\/p>\n","protected":false},"author":6,"featured_media":0,"parent":0,"menu_order":0,"comment_status":"closed","ping_status":"closed","template":"","meta":{"ocean_post_layout":"","ocean_both_sidebars_style":"","ocean_both_sidebars_content_width":0,"ocean_both_sidebars_sidebars_width":0,"ocean_sidebar":"","ocean_second_sidebar":"","ocean_disable_margins":"enable","ocean_add_body_class":"","ocean_shortcode_before_top_bar":"","ocean_shortcode_after_top_bar":"","ocean_shortcode_before_header":"","ocean_shortcode_after_header":"","ocean_has_shortcode":"","ocean_shortcode_after_title":"","ocean_shortcode_before_footer_widgets":"","ocean_shortcode_after_footer_widgets":"","ocean_shortcode_before_footer_bottom":"","ocean_shortcode_after_footer_bottom":"","ocean_display_top_bar":"default","ocean_display_header":"default","ocean_header_style":"","ocean_center_header_left_menu":"","ocean_custom_header_template":"","ocean_custom_logo":0,"ocean_custom_retina_logo":0,"ocean_custom_logo_max_width":0,"ocean_custom_logo_tablet_max_width":0,"ocean_custom_logo_mobile_max_width":0,"ocean_custom_logo_max_height":0,"ocean_custom_logo_tablet_max_height":0,"ocean_custom_logo_mobile_max_height":0,"ocean_header_custom_menu":"","ocean_menu_typo_font_family":"","ocean_menu_typo_font_subset":"","ocean_menu_typo_font_size":0,"ocean_menu_typo_font_size_tablet":0,"ocean_menu_typo_font_size_mobile":0,"ocean_menu_typo_font_size_unit":"px","ocean_menu_typo_font_weight":"","ocean_menu_typo_font_weight_tablet":"","ocean_menu_typo_font_weight_mobile":"","ocean_menu_typo_transform":"","ocean_menu_typo_transform_tablet":"","ocean_menu_typo_transform_mobile":"","ocean_menu_typo_line_height":0,"ocean_menu_typo_line_height_tablet":0,"ocean_menu_typo_line_height_mobile":0,"ocean_menu_typo_line_height_unit":"","ocean_menu_typo_spacing":0,"ocean_menu_typo_spacing_tablet":0,"ocean_menu_typo_spacing_mobile":0,"ocean_menu_typo_spacing_unit":"","ocean_menu_link_color":"","ocean_menu_link_color_hover":"","ocean_menu_link_color_active":"","ocean_menu_link_background":"","ocean_menu_link_hover_background":"","ocean_menu_link_active_background":"","ocean_menu_social_links_bg":"","ocean_menu_social_hover_links_bg":"","ocean_menu_social_links_color":"","ocean_menu_social_hover_links_color":"","ocean_disable_title":"default","ocean_disable_heading":"default","ocean_post_title":"","ocean_post_subheading":"","ocean_post_title_style":"","ocean_post_title_background_color":"","ocean_post_title_background":0,"ocean_post_title_bg_image_position":"","ocean_post_title_bg_image_attachment":"","ocean_post_title_bg_image_repeat":"","ocean_post_title_bg_image_size":"","ocean_post_title_height":0,"ocean_post_title_bg_overlay":0.5,"ocean_post_title_bg_overlay_color":"","ocean_disable_breadcrumbs":"default","ocean_breadcrumbs_color":"","ocean_breadcrumbs_separator_color":"","ocean_breadcrumbs_links_color":"","ocean_breadcrumbs_links_hover_color":"","ocean_display_footer_widgets":"default","ocean_display_footer_bottom":"default","ocean_custom_footer_template":"","footnotes":""},"class_list":["post-1595","page","type-page","status-publish","hentry","entry","owp-thumbs-layout-horizontal","owp-btn-normal","owp-tabs-layout-horizontal","has-no-thumbnails","has-product-nav"],"aioseo_notices":[],"_links":{"self":[{"href":"https:\/\/fr-avostore.com\/index.php\/wp-json\/wp\/v2\/pages\/1595","targetHints":{"allow":["GET"]}}],"collection":[{"href":"https:\/\/fr-avostore.com\/index.php\/wp-json\/wp\/v2\/pages"}],"about":[{"href":"https:\/\/fr-avostore.com\/index.php\/wp-json\/wp\/v2\/types\/page"}],"author":[{"embeddable":true,"href":"https:\/\/fr-avostore.com\/index.php\/wp-json\/wp\/v2\/users\/6"}],"replies":[{"embeddable":true,"href":"https:\/\/fr-avostore.com\/index.php\/wp-json\/wp\/v2\/comments?post=1595"}],"version-history":[{"count":7,"href":"https:\/\/fr-avostore.com\/index.php\/wp-json\/wp\/v2\/pages\/1595\/revisions"}],"predecessor-version":[{"id":2181,"href":"https:\/\/fr-avostore.com\/index.php\/wp-json\/wp\/v2\/pages\/1595\/revisions\/2181"}],"wp:attachment":[{"href":"https:\/\/fr-avostore.com\/index.php\/wp-json\/wp\/v2\/media?parent=1595"}],"curies":[{"name":"wp","href":"https:\/\/api.w.org\/{rel}","templated":true}]}}